{"id":671,"date":"2012-10-15T18:45:07","date_gmt":"2012-10-15T18:45:07","guid":{"rendered":"http:\/\/www.geenf.fe.usp.br\/v2\/?page_id=671"},"modified":"2025-11-10T18:41:03","modified_gmt":"2025-11-10T18:41:03","slug":"links","status":"publish","type":"page","link":"https:\/\/geenf.fe.usp.br\/?page_id=671","title":{"rendered":"Links"},"content":{"rendered":"<h1><strong>Acervo de materiais educativos &#8211; GEENF\/FEUSP<\/strong><\/h1>\n<p><a href=\"https:\/\/www.materiaiseducativos.geenf.fe.usp.br\">https:\/\/www.materiaiseducativos.geenf.fe.usp.br<\/a><\/p>\n<h1><strong>Acervo de materiais did\u00e1tico-culturais &#8211; GEENF\/INCTOX<\/strong><\/h1>\n<p><a href=\"https:\/\/www.cienciaemrede.com.br\/acervomaterialdidatico\">https:\/\/www.cienciaemrede.com.br\/acervomaterialdidatico<\/a><\/p>\n<p><strong>Facebook do GEENF<\/strong><\/p>\n<p><a href=\"https:\/\/https:\/\/www.facebook.com\/groups\/geenf\/ \">https:\/\/www.facebook.com\/groups\/geenf\/\u00a0<\/a><\/p>\n<p><strong>Instagram do GEENF<\/strong><\/p>\n<p><a href=\"https:\/\/www.instagram.com\/geenf_feusp\/\">https:\/\/www.instagram.com\/geenf_feusp\/\u00a0<\/a><\/p>\n<p><strong>Youtube do GEENF<\/strong><\/p>\n<p><a href=\"https:\/\/www.youtube.com\/geenfUSP\">https:\/\/www.youtube.com\/geenfUSP<\/a><\/p>\n<p><strong>Museus da USP<\/strong><\/p>\n<p><a title=\"Centro de Divulga\u00e7\u00e3o Cient\u00edfica e Cultural\" href=\"https:\/\/cdcc.usp.br\/\">Centro de Divulga\u00e7\u00e3o Cient\u00edfica e Cultural<\/a><\/p>\n<p><a title=\"Centro de Preserva\u00e7\u00e3o Cultural\" href=\"https:\/\/cpc.webhostusp.sti.usp.br\/index.php\/o-cpc\/institucional\/\">Centro de Preserva\u00e7\u00e3o Cultural<\/a><\/p>\n<p><a title=\"Museu de Anatomia Humana\" href=\"https:\/\/museu.icb.usp.br\/\">Museu de Anatomia Humana<\/a><\/p>\n<p><a style=\"font-weight: 300;\" href=\"https:\/\/www.usp.br\/fmvz\/museu.htm\" target=\"_blank\" rel=\"noopener\">Museu de Anatomia Veterin\u00e1ria\u00a0<\/a><\/p>\n<p><a href=\"https:\/\/www.mae.usp.br\/\" target=\"_blank\" rel=\"noopener\">Museu de Arqueologia e Etnologia (MAE)\u00a0<\/a><\/p>\n<p><a href=\"https:\/\/www.museudeciencias.usp.br\/\" target=\"_blank\" rel=\"noopener\">Museu de Ci\u00eancias da USP\u00a0<\/a><\/p>\n<p><a href=\"https:\/\/paje.fe.usp.br\/estrutura\/meb\/index.htm\">Museu da Educa\u00e7\u00e3o e do Brinquedo\u00a0<\/a><\/p>\n<p><a href=\"https:\/\/www2.igc.usp.br\/museu\/home.php\" target=\"_blank\" rel=\"noopener\">Museu de Geoci\u00eancias\u00a0<\/a><\/p>\n<p><a href=\"https:\/\/www.mp.usp.br\/\" target=\"_blank\" rel=\"noopener\">Museu Paulista<\/a><\/p>\n<p><a href=\"https:\/\/www.io.usp.br\/museu\/museu.htm\" target=\"_blank\" rel=\"noopener\">Museu Oceanogr\u00e1fico\u00a0<\/a><\/p>\n<p><a href=\"https:\/\/www.usp.br\/mz\/\" target=\"_blank\" rel=\"noopener\">Museu de Zoologia USP\u00a0<\/a><\/p>\n<p><a href=\"https:\/\/www.parquecientec.usp.br\/\" target=\"_blank\" rel=\"noopener\">Parque de Ci\u00eancia e Tecnologia<\/a><\/p>\n<p><strong>Museus de ci\u00eancia, zool\u00f3gicos e espa\u00e7os afins<\/strong><\/p>\n<p><a title=\"Casa da Ci\u00eancia da UFRJ\" href=\"https:\/\/casadaciencia.ufrj.br\/\">Casa da Ci\u00eancia da UFRJ<\/a><\/p>\n<p><a title=\"Espa\u00e7o Ci\u00eancia Viva do Rio de Janeiro\" href=\"https:\/\/cienciaviva.org.br\/\">Espa\u00e7o Ci\u00eancia Viva do Rio de Janeiro<\/a><\/p>\n<p><a title=\"Espa\u00e7o UFF de Ci\u00eancias\" href=\"https:\/\/espaco.uff.br\/\">Espa\u00e7o UFF de Ci\u00eancias<\/a><\/p>\n<p><a href=\"https:\/\/www.ibot.sp.gov.br\/\" target=\"_blank\" rel=\"noopener\">Jardim Bot\u00e2nico\/ Instituto de Bot\u00e2nica<\/a><\/p>\n<p><a title=\"Jardim Bot\u00e2nico do Rio de Janeiro\" href=\"https:\/\/jbrj.gov.br\/\">Jardim Bot\u00e2nico do Rio de Janeiro<\/a><\/p>\n<p><a title=\"Jardim Bot\u00e2nico da UFJF\" href=\"https:\/\/www.ufjf.br\/jardimbotanico\/visitacao\/informacoes-gerais\/\">Jardim Bot\u00e2nico da UFJF<\/a><\/p>\n<p><a href=\"https:\/\/www.mast.br\/\" target=\"_blank\" rel=\"noopener\">Museu de Astronomia e Ci\u00eancias Afins (MAST<\/a>)<\/p>\n<p><a title=\"Museu de Ci\u00eancias e Tecnologia da PUCRS\" href=\"https:\/\/www.pucrs.br\/mct\/\">Museu de Ci\u00eancias e Tecnologia da PUCRS<\/a><\/p>\n<p><a title=\"Museu do Amanh\u00e3\" href=\"https:\/\/museudoamanha.org.br\/\">Museu do Amanh\u00e3<\/a><\/p>\n<p><a title=\"Museu do Homem Americano\" href=\"https:\/\/fumdham.org.br\/cpt_home\/museu-do-homem-americano\/\">Museu do Homem Americano<\/a><\/p>\n<p><a href=\"https:\/\/www.butantan.gov.br\/museu_micro.htm\" target=\"_blank\" rel=\"noopener\">Museu de Microbiologia<\/a><\/p>\n<p><a title=\"Museu Nacional - UFRJ\" href=\"https:\/\/www.museunacional.ufrj.br\/\">Museu Nacional &#8211; UFRJ<\/a><\/p>\n<p><a href=\"https:\/\/www.museu-goeldi.br\/\" target=\"_blank\" rel=\"noopener\">Museu Paraense Emilio Goeldi<\/a><\/p>\n<p><a href=\"https:\/\/www.museudavida.fiocruz.br\/\" target=\"_blank\" rel=\"noopener\">Museu da Vida<\/a><\/p>\n<p><a title=\"Parque Estadual Morro do Diabo\" href=\"https:\/\/www.infraestruturameioambiente.sp.gov.br\/fundacaoflorestal\/\">Parque Estadual Morro do Diabo<\/a><\/p>\n<p><a title=\"Parque Nacional Serra da Capivara\" href=\"https:\/\/fumdham.org.br\/parque\/\">Parque Nacional Serra da Capivara<\/a><\/p>\n<p><a title=\"Planet\u00e1rio da Unipampa\" href=\"https:\/\/sites.unipampa.edu.br\/planetario\/\">Planet\u00e1rio da Unipampa<\/a><\/p>\n<p><strong>Institui\u00e7\u00f5es e organiza\u00e7\u00f5es afins<\/strong><\/p>\n<p><a href=\"https:\/\/www.abcmc.org.br\/\" target=\"_blank\" rel=\"noopener\">ABCMC<\/a><\/p>\n<p><a href=\"https:\/\/ceca.icom.museum\/\" target=\"_blank\" rel=\"noopener\">CECA &#8211; Committee for Education and Cultural Action<\/a><\/p>\n<p><a href=\"https:\/\/www.cimuset.net\/\" target=\"_blank\" rel=\"noopener\">CIMUSET<\/a><\/p>\n<p><a href=\"https:\/\/www.ecsite.net\/new\/\" target=\"_blank\" rel=\"noopener\">Ecsite &#8211; European Network of Science Centres &amp; Museums<\/a><\/p>\n<p><a title=\"Funda\u00e7\u00e3o CECIERJ\" href=\"https:\/\/www.cecierj.edu.br\/\">Funda\u00e7\u00e3o CECIERJ<\/a><\/p>\n<p><a href=\"https:\/\/www.icom.org.br\/\" target=\"_blank\" rel=\"noopener\">ICOM<\/a><\/p>\n<p><a href=\"https:\/\/www.inct-cpct.ufpa.br\/index\/\">INCT-CPCT<\/a><\/p>\n<p><a href=\"https:\/\/www.labjor.unicamp.br\/\" target=\"_blank\" rel=\"noopener\">LABJOR<\/a><\/p>\n<p><a href=\"https:\/\/www.mct.gov.br\/index.php\/content\/view\/2137.html\" target=\"_blank\" rel=\"noopener\">MCT &#8211; INCLUS\u00c3O SOCIAL<\/a><\/p>\n<p><a href=\"https:\/\/www.museus.gov.br\/observatorio.htm\" target=\"_blank\" rel=\"noopener\">Observat\u00f3rio de Museus<\/a><\/p>\n<p><a href=\"https:\/\/www.redpop.org\/\" target=\"_blank\" rel=\"noopener\">Red Pop<\/a><\/p>\n<p><a href=\"https:\/\/www.ricyt.edu.ar\/\" target=\"_blank\" rel=\"noopener\">RICYT<\/a><\/p>\n","protected":false},"excerpt":{"rendered":"<p>Acervo de materiais educativos &#8211; GEENF\/FEUSP https:\/\/www.materiaiseducativos.geenf.fe.usp.br Acervo de materiais did\u00e1tico-culturais &#8211; GEENF\/INCTOX https:\/\/www.cienciaemrede.com.br\/acervomaterialdidatico Facebook do GEENF https:\/\/www.facebook.com\/groups\/geenf\/\u00a0 Instagram do GEENF https:\/\/www.instagram.com\/geenf_feusp\/\u00a0 Youtube do GEENF https:\/\/www.youtube.com\/geenfUSP Museus da USP Centro de Divulga\u00e7\u00e3o Cient\u00edfica e Cultural Centro de Preserva\u00e7\u00e3o Cultural Museu &hellip;<span class=\"leia_mais\"><a href=\"https:\/\/geenf.fe.usp.br\/?page_id=671\">Leia +<\/a><\/span><\/p>\n","protected":false},"author":3,"featured_media":0,"parent":0,"menu_order":0,"comment_status":"open","ping_status":"open","template":"","meta":{"footnotes":""},"class_list":["post-671","page","type-page","status-publish","hentry"],"_links":{"self":[{"href":"https:\/\/geenf.fe.usp.br\/index.php?rest_route=\/wp\/v2\/pages\/671","targetHints":{"allow":["GET"]}}],"collection":[{"href":"https:\/\/geenf.fe.usp.br\/index.php?rest_route=\/wp\/v2\/pages"}],"about":[{"href":"https:\/\/geenf.fe.usp.br\/index.php?rest_route=\/wp\/v2\/types\/page"}],"author":[{"embeddable":true,"href":"https:\/\/geenf.fe.usp.br\/index.php?rest_route=\/wp\/v2\/users\/3"}],"replies":[{"embeddable":true,"href":"https:\/\/geenf.fe.usp.br\/index.php?rest_route=%2Fwp%2Fv2%2Fcomments&post=671"}],"version-history":[{"count":35,"href":"https:\/\/geenf.fe.usp.br\/index.php?rest_route=\/wp\/v2\/pages\/671\/revisions"}],"predecessor-version":[{"id":5608,"href":"https:\/\/geenf.fe.usp.br\/index.php?rest_route=\/wp\/v2\/pages\/671\/revisions\/5608"}],"wp:attachment":[{"href":"https:\/\/geenf.fe.usp.br\/index.php?rest_route=%2Fwp%2Fv2%2Fmedia&parent=671"}],"curies":[{"name":"wp","href":"https:\/\/api.w.org\/{rel}","templated":true}]}}